{"id":148,"date":"2014-01-31T06:29:24","date_gmt":"2014-01-31T04:29:24","guid":{"rendered":"https:\/\/grosseselhoferkg.de\/wordpress\/index.php\/2014\/01\/31\/herzlich-willkommen\/"},"modified":"2023-04-09T12:50:08","modified_gmt":"2023-04-09T10:50:08","slug":"startseite","status":"publish","type":"page","link":"https:\/\/grosse-selhofer-kg.de\/index.php\/startseite\/","title":{"rendered":"Herzlich Willkommen"},"content":{"rendered":"<p style=\"text-align: center;\">\u00a0<\/p>\n<p style=\"text-align: center;\"><span style=\"font-size: 18pt;\"><span style=\"font-family: book antiqua,palatino,serif;\">90 Jahre auf dem Buckel<\/span><\/span><\/p>\n<p style=\"text-align: center;\"><span style=\"font-size: 18pt;\"><span style=\"font-family: book antiqua,palatino,serif;\">und noch immer <\/span><\/span><\/p>\n<p style=\"text-align: center;\"><span style=\"font-size: 18pt;\"><span style=\"font-family: book antiqua,palatino,serif;\">&#8222;jod drupp op Selef&#8220;<\/span><\/span><\/p>\n<p style=\"text-align: center;\"><span style=\"font-size: 24pt;\"><a href=\"https:\/\/youtu.be\/xLrYe-3dHvY\">F\u00fcr unser Selhof Lied einfach das Bild anklicken<\/a><\/span><\/p>\n<p style=\"text-align: center;\"><span style=\"font-size: 18pt;\"><a title=\"Selhofer Hymne\" href=\"https:\/\/youtu.be\/xLrYe-3dHvY\" rel=\"lightbox\"><img loading=\"lazy\" decoding=\"async\" class=\" size-full wp-image-147\" src=\"https:\/\/grosse-selhofer-kg.de\/wp-content\/uploads\/2014\/01\/90erStaffelei.jpg\" alt=\"\" width=\"342\" height=\"513\" srcset=\"https:\/\/grosse-selhofer-kg.de\/wp-content\/uploads\/2014\/01\/90erStaffelei.jpg 1000w, https:\/\/grosse-selhofer-kg.de\/wp-content\/uploads\/2014\/01\/90erStaffelei-200x300.jpg 200w, https:\/\/grosse-selhofer-kg.de\/wp-content\/uploads\/2014\/01\/90erStaffelei-683x1024.jpg 683w, https:\/\/grosse-selhofer-kg.de\/wp-content\/uploads\/2014\/01\/90erStaffelei-768x1152.jpg 768w\" sizes=\"auto, (max-width: 342px) 100vw, 342px\" \/><\/a><\/span><\/p>\n<p>\u00a0<\/p>\n<p style=\"text-align: center;\"><span style=\"font-size: medium;\">Vielen Dank das Sie sich f\u00fcr unsere Internetseite interessieren<\/span><\/p>\n<p style=\"text-align: center;\"><span style=\"font-size: medium;\">und w\u00fcnschen viel Spa\u00df beim St\u00f6bern.<\/span><\/p>\n","protected":false},"excerpt":{"rendered":"<p>\u00a0 90 Jahre auf dem Buckel und noch immer &#8222;jod drupp op Selef&#8220; F\u00fcr unser Selhof Lied einfach das Bild anklicken \u00a0 Vielen Dank das Sie sich f\u00fcr unsere Internetseite [&hellip;]<\/p>\n","protected":false},"author":16,"featured_media":147,"parent":0,"menu_order":15,"comment_status":"closed","ping_status":"closed","template":"","meta":{"_acf_changed":false,"footnotes":""},"class_list":["post-148","page","type-page","status-publish","has-post-thumbnail","czr-hentry"],"acf":[],"_links":{"self":[{"href":"https:\/\/grosse-selhofer-kg.de\/index.php\/wp-json\/wp\/v2\/pages\/148","targetHints":{"allow":["GET"]}}],"collection":[{"href":"https:\/\/grosse-selhofer-kg.de\/index.php\/wp-json\/wp\/v2\/pages"}],"about":[{"href":"https:\/\/grosse-selhofer-kg.de\/index.php\/wp-json\/wp\/v2\/types\/page"}],"author":[{"embeddable":true,"href":"https:\/\/grosse-selhofer-kg.de\/index.php\/wp-json\/wp\/v2\/users\/16"}],"replies":[{"embeddable":true,"href":"https:\/\/grosse-selhofer-kg.de\/index.php\/wp-json\/wp\/v2\/comments?post=148"}],"version-history":[{"count":1,"href":"https:\/\/grosse-selhofer-kg.de\/index.php\/wp-json\/wp\/v2\/pages\/148\/revisions"}],"predecessor-version":[{"id":297,"href":"https:\/\/grosse-selhofer-kg.de\/index.php\/wp-json\/wp\/v2\/pages\/148\/revisions\/297"}],"wp:featuredmedia":[{"embeddable":true,"href":"https:\/\/grosse-selhofer-kg.de\/index.php\/wp-json\/wp\/v2\/media\/147"}],"wp:attachment":[{"href":"https:\/\/grosse-selhofer-kg.de\/index.php\/wp-json\/wp\/v2\/media?parent=148"}],"curies":[{"name":"wp","href":"https:\/\/api.w.org\/{rel}","templated":true}]}}